{"id":7001,"date":"2025-03-21T13:12:55","date_gmt":"2025-03-21T13:12:55","guid":{"rendered":"https:\/\/liftaworld.com\/paddy-sunflower-seed-plant\/"},"modified":"2025-04-03T06:25:22","modified_gmt":"2025-04-03T06:25:22","slug":"paddy-planta-de-procesamiento-de-semillas-de-girasol","status":"publish","type":"page","link":"https:\/\/liftaworld.com\/es\/paddy-planta-de-procesamiento-de-semillas-de-girasol\/","title":{"rendered":"Paddy \u2013 Planta de Procesamiento de Semillas de Girasol"},"content":{"rendered":"\t\t<div data-elementor-type=\"wp-page\" data-elementor-id=\"7001\" class=\"elementor elementor-7001\">\n\t\t\t\t<div class=\"elementor-element elementor-element-915970c e-con-full e-flex elementor-invisible e-con e-parent\" data-id=\"915970c\" data-element_type=\"container\" data-settings=\"{&quot;animation&quot;:&quot;fadeIn&quot;}\">\n\t\t<div class=\"elementor-element elementor-element-a58b772 e-flex e-con-boxed e-con e-child\" data-id=\"a58b772\" data-element_type=\"container\" data-settings=\"{&quot;background_background&quot;:&quot;gradient&quot;}\">\n\t\t\t\t\t<div class=\"e-con-inner\">\n\t\t<div class=\"elementor-element elementor-element-07eaadb e-con-full e-flex e-con e-child\" data-id=\"07eaadb\" data-element_type=\"container\" data-settings=\"{&quot;background_background&quot;:&quot;gradient&quot;}\">\n\t\t\t\t<div class=\"elementor-element elementor-element-efc73f1 elementor-icon-list--layout-inline elementor-align-left elementor-mobile-align-center elementor-list-item-link-full_width elementor-widget elementor-widget-icon-list\" data-id=\"efc73f1\" data-element_type=\"widget\" data-widget_type=\"icon-list.default\">\n\t\t\t\t<div class=\"elementor-widget-container\">\n\t\t\t<link rel=\"stylesheet\" href=\"https:\/\/liftaworld.com\/wp-content\/plugins\/elementor\/assets\/css\/widget-icon-list.min.css\">\t\t<ul class=\"elementor-icon-list-items elementor-inline-items\">\n\t\t\t\t\t\t\t<li class=\"elementor-icon-list-item elementor-inline-item\">\n\t\t\t\t\t\t\t\t\t\t\t<a href=\"\/es\/\">\n\n\t\t\t\t\t\t\t\t\t\t\t<span class=\"elementor-icon-list-text\">Inicio<\/span>\n\t\t\t\t\t\t\t\t\t\t\t<\/a>\n\t\t\t\t\t\t\t\t\t<\/li>\n\t\t\t\t\t\t\t\t<li class=\"elementor-icon-list-item elementor-inline-item\">\n\t\t\t\t\t\t\t\t\t\t\t<span class=\"elementor-icon-list-icon\">\n\t\t\t\t\t\t\t<i aria-hidden=\"true\" class=\"icon icon-chevron-right-circle\"><\/i>\t\t\t\t\t\t<\/span>\n\t\t\t\t\t\t\t\t\t\t<span class=\"elementor-icon-list-text\">Paddy \u2013 Planta de Procesamiento de Semillas de Girasol<\/span>\n\t\t\t\t\t\t\t\t\t<\/li>\n\t\t\t\t\t\t<\/ul>\n\t\t\t\t<\/div>\n\t\t\t\t<\/div>\n\t\t\t\t<div class=\"elementor-element elementor-element-f9040c2 elementor-widget__width-inherit elementor-widget elementor-widget-heading\" data-id=\"f9040c2\" data-element_type=\"widget\" data-widget_type=\"heading.default\">\n\t\t\t\t<div class=\"elementor-widget-container\">\n\t\t\t<style>\/*! elementor - v3.21.0 - 18-04-2024 *\/\n.elementor-heading-title{padding:0;margin:0;line-height:1}.elementor-widget-heading .elementor-heading-title[class*=elementor-size-]>a{color:inherit;font-size:inherit;line-height:inherit}.elementor-widget-heading .elementor-heading-title.elementor-size-small{font-size:15px}.elementor-widget-heading .elementor-heading-title.elementor-size-medium{font-size:19px}.elementor-widget-heading .elementor-heading-title.elementor-size-large{font-size:29px}.elementor-widget-heading .elementor-heading-title.elementor-size-xl{font-size:39px}.elementor-widget-heading .elementor-heading-title.elementor-size-xxl{font-size:59px}<\/style><h1 class=\"elementor-heading-title elementor-size-default\">Paddy \u2013 Planta de Procesamiento de Semillas de Girasol<\/h1>\t\t<\/div>\n\t\t\t\t<\/div>\n\t\t\t\t<\/div>\n\t\t<div class=\"elementor-element elementor-element-9d002ac e-con-full animated-slow e-flex elementor-invisible e-con e-child\" data-id=\"9d002ac\" data-element_type=\"container\" data-settings=\"{&quot;animation&quot;:&quot;fadeIn&quot;}\">\n\t\t<div class=\"elementor-element elementor-element-170056d e-con-full e-flex e-con e-child\" data-id=\"170056d\" data-element_type=\"container\">\n\t\t<div class=\"elementor-element elementor-element-f556f85 e-con-full e-flex e-con e-child\" data-id=\"f556f85\" data-element_type=\"container\" data-settings=\"{&quot;background_background&quot;:&quot;classic&quot;}\">\n\t\t\t\t<div class=\"elementor-element elementor-element-abc6bcb elementor-widget__width-inherit elementor-widget elementor-widget-heading\" data-id=\"abc6bcb\" data-element_type=\"widget\" data-widget_type=\"heading.default\">\n\t\t\t\t<div class=\"elementor-widget-container\">\n\t\t\t<h2 class=\"elementor-heading-title elementor-size-default\">Operaci\u00f3n F\u00e1cil de Usar<\/h2>\t\t<\/div>\n\t\t\t\t<\/div>\n\t\t\t\t<div class=\"elementor-element elementor-element-0f1846a elementor-widget__width-inherit elementor-widget elementor-widget-heading\" data-id=\"0f1846a\" data-element_type=\"widget\" data-widget_type=\"heading.default\">\n\t\t\t\t<div class=\"elementor-widget-container\">\n\t\t\t<p class=\"elementor-heading-title elementor-size-default\">F\u00e1cil de operar con m\u00ednima capacitaci\u00f3n requerida.<\/p>\t\t<\/div>\n\t\t\t\t<\/div>\n\t\t\t\t<\/div>\n\t\t<div class=\"elementor-element elementor-element-b2c04ab e-con-full e-flex e-con e-child\" data-id=\"b2c04ab\" data-element_type=\"container\" data-settings=\"{&quot;background_background&quot;:&quot;classic&quot;}\">\n\t\t\t\t<div class=\"elementor-element elementor-element-ece63de elementor-widget elementor-widget-counter\" data-id=\"ece63de\" data-element_type=\"widget\" data-widget_type=\"counter.default\">\n\t\t\t\t<div class=\"elementor-widget-container\">\n\t\t\t<style>\/*! elementor - v3.21.0 - 18-04-2024 *\/\n.elementor-counter{display:flex;justify-content:center;align-items:stretch;flex-direction:column-reverse}.elementor-counter .elementor-counter-number{flex-grow:var(--counter-number-grow,0)}.elementor-counter .elementor-counter-number-wrapper{flex:1;display:flex;font-size:69px;font-weight:600;line-height:1;text-align:center}.elementor-counter .elementor-counter-number-prefix{text-align:end;flex-grow:var(--counter-prefix-grow,1);white-space:pre-wrap}.elementor-counter .elementor-counter-number-suffix{text-align:start;flex-grow:var(--counter-suffix-grow,1);white-space:pre-wrap}.elementor-counter .elementor-counter-title{flex:1;display:flex;justify-content:center;align-items:center;margin:0;padding:0;font-size:19px;font-weight:400;line-height:2.5}<\/style>\t\t<div class=\"elementor-counter\">\n\t\t\t<div class=\"elementor-counter-title\">Capacidad (Toneladas)<\/div>\t\t\t<div class=\"elementor-counter-number-wrapper\">\n\t\t\t\t<span class=\"elementor-counter-number-prefix\"><\/span>\n\t\t\t\t<span class=\"elementor-counter-number\" data-duration=\"2000\" data-to-value=\"8.5\" data-from-value=\"0\" data-delimiter=\",\">0<\/span>\n\t\t\t\t<span class=\"elementor-counter-number-suffix\">+ TONELADAS<\/span>\n\t\t\t<\/div>\n\t\t<\/div>\n\t\t\t\t<\/div>\n\t\t\t\t<\/div>\n\t\t\t\t<\/div>\n\t\t<div class=\"elementor-element elementor-element-4ffe749 e-con-full e-flex e-con e-child\" data-id=\"4ffe749\" data-element_type=\"container\" data-settings=\"{&quot;background_background&quot;:&quot;classic&quot;}\">\n\t\t\t\t<div class=\"elementor-element elementor-element-db55ec0 elementor-widget__width-inherit elementor-widget elementor-widget-heading\" data-id=\"db55ec0\" data-element_type=\"widget\" data-widget_type=\"heading.default\">\n\t\t\t\t<div class=\"elementor-widget-container\">\n\t\t\t<h2 class=\"elementor-heading-title elementor-size-default\">Bajo Mantenimiento<\/h2>\t\t<\/div>\n\t\t\t\t<\/div>\n\t\t\t\t<div class=\"elementor-element elementor-element-0d05747 elementor-widget__width-inherit elementor-widget elementor-widget-heading\" data-id=\"0d05747\" data-element_type=\"widget\" data-widget_type=\"heading.default\">\n\t\t\t\t<div class=\"elementor-widget-container\">\n\t\t\t<p class=\"elementor-heading-title elementor-size-default\">Dise\u00f1ado para un mantenimiento f\u00e1cil y tiempo de inactividad m\u00ednimo<\/p>\t\t<\/div>\n\t\t\t\t<\/div>\n\t\t\t\t<\/div>\n\t\t\t\t<\/div>\n\t\t<div class=\"elementor-element elementor-element-b670434 e-con-full e-flex e-con e-child\" data-id=\"b670434\" data-element_type=\"container\" data-settings=\"{&quot;background_background&quot;:&quot;classic&quot;}\">\n\t\t\t\t<div class=\"elementor-element elementor-element-642ec6d elementor-widget elementor-widget-image\" data-id=\"642ec6d\" data-element_type=\"widget\" data-widget_type=\"image.default\">\n\t\t\t\t<div class=\"elementor-widget-container\">\n\t\t\t<style>\/*! elementor - v3.21.0 - 18-04-2024 *\/\n.elementor-widget-image{text-align:center}.elementor-widget-image a{display:inline-block}.elementor-widget-image a img[src$=\".svg\"]{width:48px}.elementor-widget-image img{vertical-align:middle;display:inline-block}<\/style>\t\t\t\t\t\t\t\t\t\t<img fetchpriority=\"high\" decoding=\"async\" width=\"1480\" height=\"880\" src=\"https:\/\/liftaworld.com\/wp-content\/uploads\/2025\/03\/Paddy-\u2013-Sunflower-Seed-Plant-Machine.webp\" class=\"attachment-full size-full wp-image-5023\" alt=\"Paddy \u2013 Sunflower Seed Plant Machine\" srcset=\"https:\/\/liftaworld.com\/wp-content\/uploads\/2025\/03\/Paddy-\u2013-Sunflower-Seed-Plant-Machine.webp 1480w, https:\/\/liftaworld.com\/wp-content\/uploads\/2025\/03\/Paddy-\u2013-Sunflower-Seed-Plant-Machine-300x178.webp 300w, https:\/\/liftaworld.com\/wp-content\/uploads\/2025\/03\/Paddy-\u2013-Sunflower-Seed-Plant-Machine-1024x609.webp 1024w, https:\/\/liftaworld.com\/wp-content\/uploads\/2025\/03\/Paddy-\u2013-Sunflower-Seed-Plant-Machine-768x457.webp 768w\" sizes=\"(max-width: 1480px) 100vw, 1480px\" \/>\t\t\t\t\t\t\t\t\t\t\t\t\t<\/div>\n\t\t\t\t<\/div>\n\t\t\t\t<\/div>\n\t\t\t\t<\/div>\n\t\t<div class=\"elementor-element elementor-element-7b68ede e-con-full e-flex e-con e-child\" data-id=\"7b68ede\" data-element_type=\"container\">\n\t\t<div class=\"elementor-element elementor-element-b4b68a8 e-con-full e-flex e-con e-child\" data-id=\"b4b68a8\" data-element_type=\"container\" data-settings=\"{&quot;background_background&quot;:&quot;classic&quot;}\">\n\t\t\t\t<div class=\"elementor-element elementor-element-65879d6 elementor-widget elementor-widget-counter\" data-id=\"65879d6\" data-element_type=\"widget\" data-widget_type=\"counter.default\">\n\t\t\t\t<div class=\"elementor-widget-container\">\n\t\t\t\t\t<div class=\"elementor-counter\">\n\t\t\t<div class=\"elementor-counter-title\">Normas de garant\u00eda de calidad<\/div>\t\t\t<div class=\"elementor-counter-number-wrapper\">\n\t\t\t\t<span class=\"elementor-counter-number-prefix\"><\/span>\n\t\t\t\t<span class=\"elementor-counter-number\" data-duration=\"2000\" data-to-value=\"100\" data-from-value=\"0\" data-delimiter=\",\">0<\/span>\n\t\t\t\t<span class=\"elementor-counter-number-suffix\">%<\/span>\n\t\t\t<\/div>\n\t\t<\/div>\n\t\t\t\t<\/div>\n\t\t\t\t<\/div>\n\t\t\t\t<\/div>\n\t\t<div class=\"elementor-element elementor-element-cfbb72f e-con-full e-flex e-con e-child\" data-id=\"cfbb72f\" data-element_type=\"container\" data-settings=\"{&quot;background_background&quot;:&quot;classic&quot;}\">\n\t\t\t\t<div class=\"elementor-element elementor-element-97e9fca elementor-widget elementor-widget-counter\" data-id=\"97e9fca\" data-element_type=\"widget\" data-widget_type=\"counter.default\">\n\t\t\t\t<div class=\"elementor-widget-container\">\n\t\t\t\t\t<div class=\"elementor-counter\">\n\t\t\t<div class=\"elementor-counter-title\">L\u00edneas de producci\u00f3n automatizadas<\/div>\t\t\t<div class=\"elementor-counter-number-wrapper\">\n\t\t\t\t<span class=\"elementor-counter-number-prefix\">7\/<\/span>\n\t\t\t\t<span class=\"elementor-counter-number\" data-duration=\"2000\" data-to-value=\"24\" data-from-value=\"0\" data-delimiter=\",\">0<\/span>\n\t\t\t\t<span class=\"elementor-counter-number-suffix\"><\/span>\n\t\t\t<\/div>\n\t\t<\/div>\n\t\t\t\t<\/div>\n\t\t\t\t<\/div>\n\t\t\t\t<\/div>\n\t\t<div class=\"elementor-element elementor-element-e32997f e-con-full e-flex e-con e-child\" data-id=\"e32997f\" data-element_type=\"container\" data-settings=\"{&quot;background_background&quot;:&quot;classic&quot;}\">\n\t\t\t\t<div class=\"elementor-element elementor-element-2c95e2d elementor-widget__width-inherit elementor-widget elementor-widget-heading\" data-id=\"2c95e2d\" data-element_type=\"widget\" data-widget_type=\"heading.default\">\n\t\t\t\t<div class=\"elementor-widget-container\">\n\t\t\t<h2 class=\"elementor-heading-title elementor-size-default\">Control con pruebas peri\u00f3dicas del producto<\/h2>\t\t<\/div>\n\t\t\t\t<\/div>\n\t\t\t\t<div class=\"elementor-element elementor-element-4a15a53 elementor-widget__width-inherit elementor-widget elementor-widget-heading\" data-id=\"4a15a53\" data-element_type=\"widget\" data-widget_type=\"heading.default\">\n\t\t\t\t<div class=\"elementor-widget-container\">\n\t\t\t<p class=\"elementor-heading-title elementor-size-default\">Calidad Garantizada<\/p>\t\t<\/div>\n\t\t\t\t<\/div>\n\t\t\t\t<\/div>\n\t\t<div class=\"elementor-element elementor-element-82543db e-con-full elementor-hidden-mobile e-flex e-con e-child\" data-id=\"82543db\" data-element_type=\"container\" data-settings=\"{&quot;background_background&quot;:&quot;classic&quot;}\">\n\t\t\t\t<div class=\"elementor-element elementor-element-a625f16 elementor-widget elementor-widget-image\" data-id=\"a625f16\" data-element_type=\"widget\" data-widget_type=\"image.default\">\n\t\t\t\t<div class=\"elementor-widget-container\">\n\t\t\t\t\t\t\t\t\t\t\t\t\t<img decoding=\"async\" width=\"44\" height=\"140\" src=\"https:\/\/liftaworld.com\/wp-content\/uploads\/2025\/03\/belgeler-2.webp\" class=\"attachment-full size-full wp-image-2990\" alt=\"\" \/>\t\t\t\t\t\t\t\t\t\t\t\t\t<\/div>\n\t\t\t\t<\/div>\n\t\t\t\t<\/div>\n\t\t\t\t<\/div>\n\t\t\t\t\t<\/div>\n\t\t\t\t<\/div>\n\t\t\t\t<\/div>\n\t\t<div class=\"elementor-element elementor-element-1e930ba e-flex e-con-boxed e-con e-parent\" data-id=\"1e930ba\" data-element_type=\"container\">\n\t\t\t\t\t<div class=\"e-con-inner\">\n\t\t<div class=\"elementor-element elementor-element-183a40b e-con-full e-flex e-con e-child\" data-id=\"183a40b\" data-element_type=\"container\">\n\t\t\t\t<div class=\"elementor-element elementor-element-0d7333c elementor-widget__width-inherit elementor-widget elementor-widget-heading\" data-id=\"0d7333c\" data-element_type=\"widget\" data-widget_type=\"heading.default\">\n\t\t\t\t<div class=\"elementor-widget-container\">\n\t\t\t<h2 class=\"elementor-heading-title elementor-size-default\">Fabricante de Paddy \u2013 Planta de Procesamiento de Semillas de Girasol<\/h2>\t\t<\/div>\n\t\t\t\t<\/div>\n\t\t\t\t<div class=\"elementor-element elementor-element-489a2eb elementor-widget elementor-widget-text-editor\" data-id=\"489a2eb\" data-element_type=\"widget\" data-widget_type=\"text-editor.default\">\n\t\t\t\t<div class=\"elementor-widget-container\">\n\t\t\t<style>\/*! elementor - v3.21.0 - 18-04-2024 *\/\n.elementor-widget-text-editor.elementor-drop-cap-view-stacked .elementor-drop-cap{background-color:#69727d;color:#fff}.elementor-widget-text-editor.elementor-drop-cap-view-framed .elementor-drop-cap{color:#69727d;border:3px solid;background-color:transparent}.elementor-widget-text-editor:not(.elementor-drop-cap-view-default) .elementor-drop-cap{margin-top:8px}.elementor-widget-text-editor:not(.elementor-drop-cap-view-default) .elementor-drop-cap-letter{width:1em;height:1em}.elementor-widget-text-editor .elementor-drop-cap{float:left;text-align:center;line-height:1;font-size:50px}.elementor-widget-text-editor .elementor-drop-cap-letter{display:inline-block}<\/style>\t\t\t\t<div class=\"flex max-w-full flex-col flex-grow\"><div class=\"min-h-8 text-message relative flex w-full flex-col items-end gap-2 whitespace-normal break-words text-start [.text-message+&amp;]:mt-5\" dir=\"auto\" data-message-author-role=\"assistant\" data-message-id=\"c806b67e-9ce1-4cd0-a51f-2a51b05146dc\" data-message-model-slug=\"gpt-4o-mini\"><div class=\"flex w-full flex-col gap-1 empty:hidden first:pt-[3px]\"><div class=\"markdown prose w-full break-words dark:prose-invert dark\"><p class=\"\" data-start=\"0\" data-end=\"453\">La planta de semillas de girasol Paddy de Liftaworld est\u00e1 dise\u00f1ada para proporcionar un procesamiento de semillas de girasol de alta eficiencia. Este sistema avanzado elimina eficazmente el polvo, las c\u00e1scaras y otras impurezas, asegurando semillas de girasol de calidad premium para un procesamiento posterior. La planta funciona con tecnolog\u00eda de eficiencia energ\u00e9tica, ofreciendo una soluci\u00f3n rentable para el procesamiento de semillas a gran escala.<\/p><p class=\"\" data-start=\"455\" data-end=\"731\">Disponible en modelos fijos y m\u00f3viles, la planta de semillas de girasol Paddy asegura opciones de instalaci\u00f3n vers\u00e1tiles y un rendimiento constante. Con su dise\u00f1o ecol\u00f3gico, esta planta minimiza el impacto ambiental mientras maximiza la eficiencia de limpieza de las semillas.<\/p><p class=\"\" data-start=\"733\" data-end=\"991\">Para una soluci\u00f3n confiable y de alto rendimiento en el procesamiento de semillas de girasol, conf\u00ede en Liftaworld para ofrecer tecnolog\u00eda de vanguardia. \u00a1Contacte a Liftaworld hoy mismo para optimizar sus operaciones de procesamiento de semillas de girasol!<\/p><\/div><\/div><\/div><\/div>\t\t\t\t\t\t<\/div>\n\t\t\t\t<\/div>\n\t\t<div class=\"elementor-element elementor-element-718111f e-con-full e-transform e-transform e-flex e-con e-child\" data-id=\"718111f\" data-element_type=\"container\" data-settings=\"{&quot;_transform_translateY_effect_hover&quot;:{&quot;unit&quot;:&quot;px&quot;,&quot;size&quot;:-1,&quot;sizes&quot;:[]},&quot;_transform_scale_effect_hover&quot;:{&quot;unit&quot;:&quot;px&quot;,&quot;size&quot;:0.97,&quot;sizes&quot;:[]},&quot;_transform_translateX_effect_hover&quot;:{&quot;unit&quot;:&quot;px&quot;,&quot;size&quot;:&quot;&quot;,&quot;sizes&quot;:[]},&quot;_transform_translateX_effect_hover_tablet&quot;:{&quot;unit&quot;:&quot;px&quot;,&quot;size&quot;:&quot;&quot;,&quot;sizes&quot;:[]},&quot;_transform_translateX_effect_hover_mobile&quot;:{&quot;unit&quot;:&quot;px&quot;,&quot;size&quot;:&quot;&quot;,&quot;sizes&quot;:[]},&quot;_transform_translateY_effect_hover_tablet&quot;:{&quot;unit&quot;:&quot;px&quot;,&quot;size&quot;:&quot;&quot;,&quot;sizes&quot;:[]},&quot;_transform_translateY_effect_hover_mobile&quot;:{&quot;unit&quot;:&quot;px&quot;,&quot;size&quot;:&quot;&quot;,&quot;sizes&quot;:[]},&quot;_transform_scale_effect_hover_tablet&quot;:{&quot;unit&quot;:&quot;px&quot;,&quot;size&quot;:&quot;&quot;,&quot;sizes&quot;:[]},&quot;_transform_scale_effect_hover_mobile&quot;:{&quot;unit&quot;:&quot;px&quot;,&quot;size&quot;:&quot;&quot;,&quot;sizes&quot;:[]}}\">\n\t\t\t\t<div class=\"elementor-element elementor-element-5c0df5e elementor-widget__width-auto elementor-widget elementor-widget-button\" data-id=\"5c0df5e\" data-element_type=\"widget\" data-widget_type=\"button.default\">\n\t\t\t\t<div class=\"elementor-widget-container\">\n\t\t\t\t\t<div class=\"elementor-button-wrapper\">\n\t\t\t<a class=\"elementor-button elementor-button-link elementor-size-sm\" href=\"#elementor-action%3Aaction%3Dpopup%3Aopen%26settings%3DeyJpZCI6IjM4MTEiLCJ0b2dnbGUiOmZhbHNlfQ%3D%3D\">\n\t\t\t\t\t\t<span class=\"elementor-button-content-wrapper\">\n\t\t\t\t\t\t\t\t\t<span class=\"elementor-button-text\">Obtener Oferta<\/span>\n\t\t\t\t\t<\/span>\n\t\t\t\t\t<\/a>\n\t\t<\/div>\n\t\t\t\t<\/div>\n\t\t\t\t<\/div>\n\t\t\t\t<div class=\"elementor-element elementor-element-65cc409 elementor-view-stacked elementor-shape-circle elementor-widget elementor-widget-icon\" data-id=\"65cc409\" data-element_type=\"widget\" data-widget_type=\"icon.default\">\n\t\t\t\t<div class=\"elementor-widget-container\">\n\t\t\t\t\t<div class=\"elementor-icon-wrapper\">\n\t\t\t<div class=\"elementor-icon\">\n\t\t\t<i aria-hidden=\"true\" class=\"icon icon-right-arrow\"><\/i>\t\t\t<\/div>\n\t\t<\/div>\n\t\t\t\t<\/div>\n\t\t\t\t<\/div>\n\t\t\t\t<\/div>\n\t\t\t\t<\/div>\n\t\t<div class=\"elementor-element elementor-element-b44ee1b e-con-full e-flex e-con e-child\" data-id=\"b44ee1b\" data-element_type=\"container\">\n\t\t\t\t<div class=\"elementor-element elementor-element-14ee296 elementor-widget elementor-widget-image\" data-id=\"14ee296\" data-element_type=\"widget\" data-widget_type=\"image.default\">\n\t\t\t\t<div class=\"elementor-widget-container\">\n\t\t\t\t\t\t\t\t\t\t\t\t\t<img decoding=\"async\" src=\"https:\/\/liftaworld.com\/wp-content\/uploads\/elementor\/thumbs\/Paddy-\u2013-Sunflower-Seed-Plant-Machine-r3donbmszivzrc1dgiwo7wgfwvu6olmjfqi3nfn1i0.webp\" title=\"Paddy \u2013 Sunflower Seed Plant Machine\" alt=\"Paddy \u2013 Sunflower Seed Plant Machine\" loading=\"lazy\" \/>\t\t\t\t\t\t\t\t\t\t\t\t\t<\/div>\n\t\t\t\t<\/div>\n\t\t\t\t<\/div>\n\t\t\t\t\t<\/div>\n\t\t\t\t<\/div>\n\t\t\t\t<\/div>\n\t\t","protected":false},"excerpt":{"rendered":"<p>Inicio Paddy \u2013 Planta de Procesamiento de Semillas de Girasol Paddy \u2013 Planta de Procesamiento de Semillas de Girasol Operaci\u00f3n F\u00e1cil de Usar F\u00e1cil de operar con m\u00ednima capacitaci\u00f3n requerida. Capacidad (Toneladas) 0 + TONELADAS Bajo Mantenimiento Dise\u00f1ado para un mantenimiento f\u00e1cil y tiempo de inactividad m\u00ednimo Normas de garant\u00eda de calidad 0 % L\u00edneas &#8230; <a title=\"Paddy \u2013 Planta de Procesamiento de Semillas de Girasol\" class=\"read-more\" href=\"https:\/\/liftaworld.com\/es\/paddy-planta-de-procesamiento-de-semillas-de-girasol\/\" aria-label=\"Leer m\u00e1s sobre Paddy \u2013 Planta de Procesamiento de Semillas de Girasol\">Leer m\u00e1s<\/a><\/p>\n","protected":false},"author":1,"featured_media":0,"parent":0,"menu_order":0,"comment_status":"closed","ping_status":"closed","template":"elementor_header_footer","meta":{"footnotes":""},"class_list":["post-7001","page","type-page","status-publish"],"_links":{"self":[{"href":"https:\/\/liftaworld.com\/es\/wp-json\/wp\/v2\/pages\/7001","targetHints":{"allow":["GET"]}}],"collection":[{"href":"https:\/\/liftaworld.com\/es\/wp-json\/wp\/v2\/pages"}],"about":[{"href":"https:\/\/liftaworld.com\/es\/wp-json\/wp\/v2\/types\/page"}],"author":[{"embeddable":true,"href":"https:\/\/liftaworld.com\/es\/wp-json\/wp\/v2\/users\/1"}],"replies":[{"embeddable":true,"href":"https:\/\/liftaworld.com\/es\/wp-json\/wp\/v2\/comments?post=7001"}],"version-history":[{"count":0,"href":"https:\/\/liftaworld.com\/es\/wp-json\/wp\/v2\/pages\/7001\/revisions"}],"wp:attachment":[{"href":"https:\/\/liftaworld.com\/es\/wp-json\/wp\/v2\/media?parent=7001"}],"curies":[{"name":"wp","href":"https:\/\/api.w.org\/{rel}","templated":true}]}}