{"id":6955,"date":"2025-03-21T11:35:13","date_gmt":"2025-03-21T11:35:13","guid":{"rendered":"https:\/\/liftaworld.com\/light-grain-pulses-seed-cleaning-plant\/"},"modified":"2025-04-02T12:56:19","modified_gmt":"2025-04-02T12:56:19","slug":"planta-de-limpieza-de-semillas-de-granos-ligeros-legumbres","status":"publish","type":"page","link":"https:\/\/liftaworld.com\/es\/planta-de-limpieza-de-semillas-de-granos-ligeros-legumbres\/","title":{"rendered":"Planta de Limpieza de Semillas de Granos Ligeros \u2013 Legumbres"},"content":{"rendered":"\t\t<div data-elementor-type=\"wp-page\" data-elementor-id=\"6955\" class=\"elementor elementor-6955\">\n\t\t\t\t<div class=\"elementor-element elementor-element-915970c e-con-full e-flex elementor-invisible e-con e-parent\" data-id=\"915970c\" data-element_type=\"container\" data-settings=\"{&quot;animation&quot;:&quot;fadeIn&quot;}\">\n\t\t<div class=\"elementor-element elementor-element-a58b772 e-flex e-con-boxed e-con e-child\" data-id=\"a58b772\" data-element_type=\"container\" data-settings=\"{&quot;background_background&quot;:&quot;gradient&quot;}\">\n\t\t\t\t\t<div class=\"e-con-inner\">\n\t\t<div class=\"elementor-element elementor-element-07eaadb e-con-full e-flex e-con e-child\" data-id=\"07eaadb\" data-element_type=\"container\" data-settings=\"{&quot;background_background&quot;:&quot;gradient&quot;}\">\n\t\t\t\t<div class=\"elementor-element elementor-element-efc73f1 elementor-icon-list--layout-inline elementor-align-left elementor-mobile-align-center elementor-list-item-link-full_width elementor-widget elementor-widget-icon-list\" data-id=\"efc73f1\" data-element_type=\"widget\" data-widget_type=\"icon-list.default\">\n\t\t\t\t<div class=\"elementor-widget-container\">\n\t\t\t<link rel=\"stylesheet\" href=\"https:\/\/liftaworld.com\/wp-content\/plugins\/elementor\/assets\/css\/widget-icon-list.min.css\">\t\t<ul class=\"elementor-icon-list-items elementor-inline-items\">\n\t\t\t\t\t\t\t<li class=\"elementor-icon-list-item elementor-inline-item\">\n\t\t\t\t\t\t\t\t\t\t\t<a href=\"\/es\/\">\n\n\t\t\t\t\t\t\t\t\t\t\t<span class=\"elementor-icon-list-text\">Inicio<\/span>\n\t\t\t\t\t\t\t\t\t\t\t<\/a>\n\t\t\t\t\t\t\t\t\t<\/li>\n\t\t\t\t\t\t\t\t<li class=\"elementor-icon-list-item elementor-inline-item\">\n\t\t\t\t\t\t\t\t\t\t\t<span class=\"elementor-icon-list-icon\">\n\t\t\t\t\t\t\t<i aria-hidden=\"true\" class=\"icon icon-chevron-right-circle\"><\/i>\t\t\t\t\t\t<\/span>\n\t\t\t\t\t\t\t\t\t\t<span class=\"elementor-icon-list-text\">Planta de Limpieza de Semillas de Granos Ligeros \u2013 Legumbres<\/span>\n\t\t\t\t\t\t\t\t\t<\/li>\n\t\t\t\t\t\t<\/ul>\n\t\t\t\t<\/div>\n\t\t\t\t<\/div>\n\t\t\t\t<div class=\"elementor-element elementor-element-f9040c2 elementor-widget__width-inherit elementor-widget elementor-widget-heading\" data-id=\"f9040c2\" data-element_type=\"widget\" data-widget_type=\"heading.default\">\n\t\t\t\t<div class=\"elementor-widget-container\">\n\t\t\t<style>\/*! elementor - v3.21.0 - 18-04-2024 *\/\n.elementor-heading-title{padding:0;margin:0;line-height:1}.elementor-widget-heading .elementor-heading-title[class*=elementor-size-]>a{color:inherit;font-size:inherit;line-height:inherit}.elementor-widget-heading .elementor-heading-title.elementor-size-small{font-size:15px}.elementor-widget-heading .elementor-heading-title.elementor-size-medium{font-size:19px}.elementor-widget-heading .elementor-heading-title.elementor-size-large{font-size:29px}.elementor-widget-heading .elementor-heading-title.elementor-size-xl{font-size:39px}.elementor-widget-heading .elementor-heading-title.elementor-size-xxl{font-size:59px}<\/style><h1 class=\"elementor-heading-title elementor-size-default\">Planta de Limpieza de Semillas de Granos Ligeros \u2013 Legumbres<\/h1>\t\t<\/div>\n\t\t\t\t<\/div>\n\t\t\t\t<\/div>\n\t\t<div class=\"elementor-element elementor-element-9d002ac e-con-full animated-slow e-flex elementor-invisible e-con e-child\" data-id=\"9d002ac\" data-element_type=\"container\" data-settings=\"{&quot;animation&quot;:&quot;fadeIn&quot;}\">\n\t\t<div class=\"elementor-element elementor-element-170056d e-con-full e-flex e-con e-child\" data-id=\"170056d\" data-element_type=\"container\">\n\t\t<div class=\"elementor-element elementor-element-f556f85 e-con-full e-flex e-con e-child\" data-id=\"f556f85\" data-element_type=\"container\" data-settings=\"{&quot;background_background&quot;:&quot;classic&quot;}\">\n\t\t\t\t<div class=\"elementor-element elementor-element-abc6bcb elementor-widget__width-inherit elementor-widget elementor-widget-heading\" data-id=\"abc6bcb\" data-element_type=\"widget\" data-widget_type=\"heading.default\">\n\t\t\t\t<div class=\"elementor-widget-container\">\n\t\t\t<h2 class=\"elementor-heading-title elementor-size-default\">Eficiencia de separaci\u00f3n de polvo<\/h2>\t\t<\/div>\n\t\t\t\t<\/div>\n\t\t\t\t<div class=\"elementor-element elementor-element-0f1846a elementor-widget__width-inherit elementor-widget elementor-widget-heading\" data-id=\"0f1846a\" data-element_type=\"widget\" data-widget_type=\"heading.default\">\n\t\t\t\t<div class=\"elementor-widget-container\">\n\t\t\t<p class=\"elementor-heading-title elementor-size-default\">Cuenta con un cicl\u00f3n de cap\u00f3 de polvo con una eficiencia del 99%.<\/p>\t\t<\/div>\n\t\t\t\t<\/div>\n\t\t\t\t<\/div>\n\t\t<div class=\"elementor-element elementor-element-b2c04ab e-con-full e-flex e-con e-child\" data-id=\"b2c04ab\" data-element_type=\"container\" data-settings=\"{&quot;background_background&quot;:&quot;classic&quot;}\">\n\t\t\t\t<div class=\"elementor-element elementor-element-ece63de elementor-widget elementor-widget-counter\" data-id=\"ece63de\" data-element_type=\"widget\" data-widget_type=\"counter.default\">\n\t\t\t\t<div class=\"elementor-widget-container\">\n\t\t\t<style>\/*! elementor - v3.21.0 - 18-04-2024 *\/\n.elementor-counter{display:flex;justify-content:center;align-items:stretch;flex-direction:column-reverse}.elementor-counter .elementor-counter-number{flex-grow:var(--counter-number-grow,0)}.elementor-counter .elementor-counter-number-wrapper{flex:1;display:flex;font-size:69px;font-weight:600;line-height:1;text-align:center}.elementor-counter .elementor-counter-number-prefix{text-align:end;flex-grow:var(--counter-prefix-grow,1);white-space:pre-wrap}.elementor-counter .elementor-counter-number-suffix{text-align:start;flex-grow:var(--counter-suffix-grow,1);white-space:pre-wrap}.elementor-counter .elementor-counter-title{flex:1;display:flex;justify-content:center;align-items:center;margin:0;padding:0;font-size:19px;font-weight:400;line-height:2.5}<\/style>\t\t<div class=\"elementor-counter\">\n\t\t\t<div class=\"elementor-counter-title\">Capacidad (Toneladas)<\/div>\t\t\t<div class=\"elementor-counter-number-wrapper\">\n\t\t\t\t<span class=\"elementor-counter-number-prefix\"><\/span>\n\t\t\t\t<span class=\"elementor-counter-number\" data-duration=\"2000\" data-to-value=\"50000\" data-from-value=\"0\" data-delimiter=\",\">0<\/span>\n\t\t\t\t<span class=\"elementor-counter-number-suffix\">+ TONELADAS<\/span>\n\t\t\t<\/div>\n\t\t<\/div>\n\t\t\t\t<\/div>\n\t\t\t\t<\/div>\n\t\t\t\t<\/div>\n\t\t<div class=\"elementor-element elementor-element-4ffe749 e-con-full e-flex e-con e-child\" data-id=\"4ffe749\" data-element_type=\"container\" data-settings=\"{&quot;background_background&quot;:&quot;classic&quot;}\">\n\t\t\t\t<div class=\"elementor-element elementor-element-db55ec0 elementor-widget__width-inherit elementor-widget elementor-widget-heading\" data-id=\"db55ec0\" data-element_type=\"widget\" data-widget_type=\"heading.default\">\n\t\t\t\t<div class=\"elementor-widget-container\">\n\t\t\t<h2 class=\"elementor-heading-title elementor-size-default\">Fuente de alimentaci\u00f3n:<\/h2>\t\t<\/div>\n\t\t\t\t<\/div>\n\t\t\t\t<div class=\"elementor-element elementor-element-0d05747 elementor-widget__width-inherit elementor-widget elementor-widget-heading\" data-id=\"0d05747\" data-element_type=\"widget\" data-widget_type=\"heading.default\">\n\t\t\t\t<div class=\"elementor-widget-container\">\n\t\t\t<p class=\"elementor-heading-title elementor-size-default\">380V \/ 50 Hz <br><span style=\"font-size: 12px;\">(Puede personalizarse)<\/ span><\/p>\t\t<\/div>\n\t\t\t\t<\/div>\n\t\t\t\t<\/div>\n\t\t\t\t<\/div>\n\t\t<div class=\"elementor-element elementor-element-b670434 e-con-full e-flex e-con e-child\" data-id=\"b670434\" data-element_type=\"container\" data-settings=\"{&quot;background_background&quot;:&quot;classic&quot;}\">\n\t\t\t\t<div class=\"elementor-element elementor-element-642ec6d elementor-widget elementor-widget-image\" data-id=\"642ec6d\" data-element_type=\"widget\" data-widget_type=\"image.default\">\n\t\t\t\t<div class=\"elementor-widget-container\">\n\t\t\t<style>\/*! elementor - v3.21.0 - 18-04-2024 *\/\n.elementor-widget-image{text-align:center}.elementor-widget-image a{display:inline-block}.elementor-widget-image a img[src$=\".svg\"]{width:48px}.elementor-widget-image img{vertical-align:middle;display:inline-block}<\/style>\t\t\t\t\t\t\t\t\t\t<img fetchpriority=\"high\" decoding=\"async\" width=\"1480\" height=\"880\" src=\"https:\/\/liftaworld.com\/wp-content\/uploads\/2025\/03\/Light-Grain-\u2013-Pulses-Seed-Cleaning-Plant-1.webp\" class=\"attachment-full size-full wp-image-5016\" alt=\"Light Grain \u2013 Pulses Seed Cleaning Plant\" srcset=\"https:\/\/liftaworld.com\/wp-content\/uploads\/2025\/03\/Light-Grain-\u2013-Pulses-Seed-Cleaning-Plant-1.webp 1480w, https:\/\/liftaworld.com\/wp-content\/uploads\/2025\/03\/Light-Grain-\u2013-Pulses-Seed-Cleaning-Plant-1-300x178.webp 300w, https:\/\/liftaworld.com\/wp-content\/uploads\/2025\/03\/Light-Grain-\u2013-Pulses-Seed-Cleaning-Plant-1-1024x609.webp 1024w, https:\/\/liftaworld.com\/wp-content\/uploads\/2025\/03\/Light-Grain-\u2013-Pulses-Seed-Cleaning-Plant-1-768x457.webp 768w\" sizes=\"(max-width: 1480px) 100vw, 1480px\" \/>\t\t\t\t\t\t\t\t\t\t\t\t\t<\/div>\n\t\t\t\t<\/div>\n\t\t\t\t<\/div>\n\t\t\t\t<\/div>\n\t\t<div class=\"elementor-element elementor-element-7b68ede e-con-full e-flex e-con e-child\" data-id=\"7b68ede\" data-element_type=\"container\">\n\t\t<div class=\"elementor-element elementor-element-b4b68a8 e-con-full e-flex e-con e-child\" data-id=\"b4b68a8\" data-element_type=\"container\" data-settings=\"{&quot;background_background&quot;:&quot;classic&quot;}\">\n\t\t\t\t<div class=\"elementor-element elementor-element-65879d6 elementor-widget elementor-widget-counter\" data-id=\"65879d6\" data-element_type=\"widget\" data-widget_type=\"counter.default\">\n\t\t\t\t<div class=\"elementor-widget-container\">\n\t\t\t\t\t<div class=\"elementor-counter\">\n\t\t\t<div class=\"elementor-counter-title\">Normas de garant\u00eda de calidad<\/div>\t\t\t<div class=\"elementor-counter-number-wrapper\">\n\t\t\t\t<span class=\"elementor-counter-number-prefix\"><\/span>\n\t\t\t\t<span class=\"elementor-counter-number\" data-duration=\"2000\" data-to-value=\"100\" data-from-value=\"0\" data-delimiter=\",\">0<\/span>\n\t\t\t\t<span class=\"elementor-counter-number-suffix\">%<\/span>\n\t\t\t<\/div>\n\t\t<\/div>\n\t\t\t\t<\/div>\n\t\t\t\t<\/div>\n\t\t\t\t<\/div>\n\t\t<div class=\"elementor-element elementor-element-cfbb72f e-con-full e-flex e-con e-child\" data-id=\"cfbb72f\" data-element_type=\"container\" data-settings=\"{&quot;background_background&quot;:&quot;classic&quot;}\">\n\t\t\t\t<div class=\"elementor-element elementor-element-97e9fca elementor-widget elementor-widget-counter\" data-id=\"97e9fca\" data-element_type=\"widget\" data-widget_type=\"counter.default\">\n\t\t\t\t<div class=\"elementor-widget-container\">\n\t\t\t\t\t<div class=\"elementor-counter\">\n\t\t\t<div class=\"elementor-counter-title\">L\u00edneas de producci\u00f3n automatizadas<\/div>\t\t\t<div class=\"elementor-counter-number-wrapper\">\n\t\t\t\t<span class=\"elementor-counter-number-prefix\">7\/<\/span>\n\t\t\t\t<span class=\"elementor-counter-number\" data-duration=\"2000\" data-to-value=\"24\" data-from-value=\"0\" data-delimiter=\",\">0<\/span>\n\t\t\t\t<span class=\"elementor-counter-number-suffix\"><\/span>\n\t\t\t<\/div>\n\t\t<\/div>\n\t\t\t\t<\/div>\n\t\t\t\t<\/div>\n\t\t\t\t<\/div>\n\t\t<div class=\"elementor-element elementor-element-e32997f e-con-full e-flex e-con e-child\" data-id=\"e32997f\" data-element_type=\"container\" data-settings=\"{&quot;background_background&quot;:&quot;classic&quot;}\">\n\t\t\t\t<div class=\"elementor-element elementor-element-2c95e2d elementor-widget__width-inherit elementor-widget elementor-widget-heading\" data-id=\"2c95e2d\" data-element_type=\"widget\" data-widget_type=\"heading.default\">\n\t\t\t\t<div class=\"elementor-widget-container\">\n\t\t\t<h2 class=\"elementor-heading-title elementor-size-default\">Control con pruebas peri\u00f3dicas del producto<\/h2>\t\t<\/div>\n\t\t\t\t<\/div>\n\t\t\t\t<div class=\"elementor-element elementor-element-4a15a53 elementor-widget__width-inherit elementor-widget elementor-widget-heading\" data-id=\"4a15a53\" data-element_type=\"widget\" data-widget_type=\"heading.default\">\n\t\t\t\t<div class=\"elementor-widget-container\">\n\t\t\t<p class=\"elementor-heading-title elementor-size-default\">Calidad Garantizada<\/p>\t\t<\/div>\n\t\t\t\t<\/div>\n\t\t\t\t<\/div>\n\t\t<div class=\"elementor-element elementor-element-82543db e-con-full elementor-hidden-mobile e-flex e-con e-child\" data-id=\"82543db\" data-element_type=\"container\" data-settings=\"{&quot;background_background&quot;:&quot;classic&quot;}\">\n\t\t\t\t<div class=\"elementor-element elementor-element-a625f16 elementor-widget elementor-widget-image\" data-id=\"a625f16\" data-element_type=\"widget\" data-widget_type=\"image.default\">\n\t\t\t\t<div class=\"elementor-widget-container\">\n\t\t\t\t\t\t\t\t\t\t\t\t\t<img decoding=\"async\" width=\"44\" height=\"140\" src=\"https:\/\/liftaworld.com\/wp-content\/uploads\/2025\/03\/belgeler-2.webp\" class=\"attachment-full size-full wp-image-2990\" alt=\"\" \/>\t\t\t\t\t\t\t\t\t\t\t\t\t<\/div>\n\t\t\t\t<\/div>\n\t\t\t\t<\/div>\n\t\t\t\t<\/div>\n\t\t\t\t\t<\/div>\n\t\t\t\t<\/div>\n\t\t\t\t<\/div>\n\t\t<div class=\"elementor-element elementor-element-1e930ba e-flex e-con-boxed e-con e-parent\" data-id=\"1e930ba\" data-element_type=\"container\">\n\t\t\t\t\t<div class=\"e-con-inner\">\n\t\t<div class=\"elementor-element elementor-element-183a40b e-con-full e-flex e-con e-child\" data-id=\"183a40b\" data-element_type=\"container\">\n\t\t\t\t<div class=\"elementor-element elementor-element-0d7333c elementor-widget__width-inherit elementor-widget elementor-widget-heading\" data-id=\"0d7333c\" data-element_type=\"widget\" data-widget_type=\"heading.default\">\n\t\t\t\t<div class=\"elementor-widget-container\">\n\t\t\t<h2 class=\"elementor-heading-title elementor-size-default\">Fabricante de Planta de Limpieza de Semillas de Granos Ligeros \u2013 Legumbres<\/h2>\t\t<\/div>\n\t\t\t\t<\/div>\n\t\t\t\t<div class=\"elementor-element elementor-element-489a2eb elementor-widget elementor-widget-text-editor\" data-id=\"489a2eb\" data-element_type=\"widget\" data-widget_type=\"text-editor.default\">\n\t\t\t\t<div class=\"elementor-widget-container\">\n\t\t\t<style>\/*! elementor - v3.21.0 - 18-04-2024 *\/\n.elementor-widget-text-editor.elementor-drop-cap-view-stacked .elementor-drop-cap{background-color:#69727d;color:#fff}.elementor-widget-text-editor.elementor-drop-cap-view-framed .elementor-drop-cap{color:#69727d;border:3px solid;background-color:transparent}.elementor-widget-text-editor:not(.elementor-drop-cap-view-default) .elementor-drop-cap{margin-top:8px}.elementor-widget-text-editor:not(.elementor-drop-cap-view-default) .elementor-drop-cap-letter{width:1em;height:1em}.elementor-widget-text-editor .elementor-drop-cap{float:left;text-align:center;line-height:1;font-size:50px}.elementor-widget-text-editor .elementor-drop-cap-letter{display:inline-block}<\/style>\t\t\t\t<p class=\"\" data-start=\"0\" data-end=\"376\">La Planta de Limpieza de Semillas de Granos Ligeros \u2013 Legumbres de Liftaworld es una soluci\u00f3n innovadora dise\u00f1ada para mejorar la calidad de los productos agr\u00edcolas. Esta avanzada m\u00e1quina elimina eficazmente los granos huecos, las semillas arrugadas y d\u00e9biles, los bordes rotos y los granos parcialmente descoloridos, asegurando la m\u00e1xima eficiencia en el proceso de limpieza.<\/p><p class=\"\" data-start=\"378\" data-end=\"731\">Altamente eficaz para todos los productos de legumbres, trigo y s\u00e9samo, la Planta de Limpieza de Semillas de Granos Ligeros es una m\u00e1quina esencial para la producci\u00f3n de semillas de trigo y cebada. Aumenta la tasa de germinaci\u00f3n de las semillas, lo que la convierte en una herramienta imprescindible para una agricultura eficiente y de alto rendimiento.<\/p><p class=\"\" data-start=\"733\" data-end=\"774\">Caracter\u00edsticas y Aparatos de la M\u00e1quina:<\/p><ul data-start=\"775\" data-end=\"1246\"><li class=\"\" data-start=\"775\" data-end=\"828\"><p class=\"\" data-start=\"777\" data-end=\"828\">Elevador: Asegura un transporte suave del producto.<\/p><\/li><li class=\"\" data-start=\"829\" data-end=\"897\"><p class=\"\" data-start=\"831\" data-end=\"897\">C\u00e1mara de Pre-Desmoldeo: Facilita la pre-separaci\u00f3n de los granos.<\/p><\/li><li class=\"\" data-start=\"898\" data-end=\"994\"><p class=\"\" data-start=\"900\" data-end=\"994\">Alimentador Magn\u00e9tico: Utiliza un sistema de alimentaci\u00f3n magn\u00e9tico para una limpieza precisa.<\/p><\/li><li class=\"\" data-start=\"995\" data-end=\"1052\"><p class=\"\" data-start=\"997\" data-end=\"1052\">Plataforma: Soporta la operaci\u00f3n estable de la m\u00e1quina.<\/p><\/li><li class=\"\" data-start=\"1053\" data-end=\"1136\"><p class=\"\" data-start=\"1055\" data-end=\"1136\">Banda de Retorno: Optimiza la gesti\u00f3n de desechos mediante un sistema de retorno.<\/p><\/li><li class=\"\" data-start=\"1137\" data-end=\"1246\"><p class=\"\" data-start=\"1139\" data-end=\"1246\">Cicl\u00f3n de Cap\u00f3 de Polvo: Separa el polvo y las part\u00edculas ligeras para un proceso de limpieza m\u00e1s efectivo.<\/p><\/li><\/ul><p class=\"\" data-start=\"1248\" data-end=\"1524\">Respaldada por la experiencia de Liftaworld, la Planta de Limpieza de Semillas de Granos Ligeros mejora la producci\u00f3n agr\u00edcola al entregar semillas m\u00e1s limpias y de mayor calidad. \u00a1Si buscas el mejor sistema de limpieza, explora hoy las soluciones profesionales de Liftaworld!<\/p>\t\t\t\t\t\t<\/div>\n\t\t\t\t<\/div>\n\t\t<div class=\"elementor-element elementor-element-718111f e-con-full e-transform e-transform e-flex e-con e-child\" data-id=\"718111f\" data-element_type=\"container\" data-settings=\"{&quot;_transform_translateY_effect_hover&quot;:{&quot;unit&quot;:&quot;px&quot;,&quot;size&quot;:-1,&quot;sizes&quot;:[]},&quot;_transform_scale_effect_hover&quot;:{&quot;unit&quot;:&quot;px&quot;,&quot;size&quot;:0.97,&quot;sizes&quot;:[]},&quot;_transform_translateX_effect_hover&quot;:{&quot;unit&quot;:&quot;px&quot;,&quot;size&quot;:&quot;&quot;,&quot;sizes&quot;:[]},&quot;_transform_translateX_effect_hover_tablet&quot;:{&quot;unit&quot;:&quot;px&quot;,&quot;size&quot;:&quot;&quot;,&quot;sizes&quot;:[]},&quot;_transform_translateX_effect_hover_mobile&quot;:{&quot;unit&quot;:&quot;px&quot;,&quot;size&quot;:&quot;&quot;,&quot;sizes&quot;:[]},&quot;_transform_translateY_effect_hover_tablet&quot;:{&quot;unit&quot;:&quot;px&quot;,&quot;size&quot;:&quot;&quot;,&quot;sizes&quot;:[]},&quot;_transform_translateY_effect_hover_mobile&quot;:{&quot;unit&quot;:&quot;px&quot;,&quot;size&quot;:&quot;&quot;,&quot;sizes&quot;:[]},&quot;_transform_scale_effect_hover_tablet&quot;:{&quot;unit&quot;:&quot;px&quot;,&quot;size&quot;:&quot;&quot;,&quot;sizes&quot;:[]},&quot;_transform_scale_effect_hover_mobile&quot;:{&quot;unit&quot;:&quot;px&quot;,&quot;size&quot;:&quot;&quot;,&quot;sizes&quot;:[]}}\">\n\t\t\t\t<div class=\"elementor-element elementor-element-5c0df5e elementor-widget__width-auto elementor-widget elementor-widget-button\" data-id=\"5c0df5e\" data-element_type=\"widget\" data-widget_type=\"button.default\">\n\t\t\t\t<div class=\"elementor-widget-container\">\n\t\t\t\t\t<div class=\"elementor-button-wrapper\">\n\t\t\t<a class=\"elementor-button elementor-button-link elementor-size-sm\" href=\"#elementor-action%3Aaction%3Dpopup%3Aopen%26settings%3DeyJpZCI6IjY4NjEiLCJ0b2dnbGUiOmZhbHNlfQ%3D%3D\">\n\t\t\t\t\t\t<span class=\"elementor-button-content-wrapper\">\n\t\t\t\t\t\t\t\t\t<span class=\"elementor-button-text\">Obtener Oferta<\/span>\n\t\t\t\t\t<\/span>\n\t\t\t\t\t<\/a>\n\t\t<\/div>\n\t\t\t\t<\/div>\n\t\t\t\t<\/div>\n\t\t\t\t<div class=\"elementor-element elementor-element-65cc409 elementor-view-stacked elementor-shape-circle elementor-widget elementor-widget-icon\" data-id=\"65cc409\" data-element_type=\"widget\" data-widget_type=\"icon.default\">\n\t\t\t\t<div class=\"elementor-widget-container\">\n\t\t\t\t\t<div class=\"elementor-icon-wrapper\">\n\t\t\t<div class=\"elementor-icon\">\n\t\t\t<i aria-hidden=\"true\" class=\"icon icon-right-arrow\"><\/i>\t\t\t<\/div>\n\t\t<\/div>\n\t\t\t\t<\/div>\n\t\t\t\t<\/div>\n\t\t\t\t<\/div>\n\t\t\t\t<\/div>\n\t\t<div class=\"elementor-element elementor-element-b44ee1b e-con-full e-flex e-con e-child\" data-id=\"b44ee1b\" data-element_type=\"container\">\n\t\t\t\t<div class=\"elementor-element elementor-element-14ee296 elementor-widget elementor-widget-image\" data-id=\"14ee296\" data-element_type=\"widget\" data-widget_type=\"image.default\">\n\t\t\t\t<div class=\"elementor-widget-container\">\n\t\t\t\t\t\t\t\t\t\t\t\t\t<img decoding=\"async\" src=\"https:\/\/liftaworld.com\/wp-content\/uploads\/elementor\/thumbs\/Light-Grain-\u2013-Pulses-Seed-Cleaning-Plant-1-r3don369a0keuudntx913glakezvrboyekmqbxzl20.webp\" title=\"Light Grain \u2013 Pulses Seed Cleaning Plant\" alt=\"Light Grain \u2013 Pulses Seed Cleaning Plant\" loading=\"lazy\" \/>\t\t\t\t\t\t\t\t\t\t\t\t\t<\/div>\n\t\t\t\t<\/div>\n\t\t\t\t<\/div>\n\t\t\t\t\t<\/div>\n\t\t\t\t<\/div>\n\t\t\t\t<\/div>\n\t\t","protected":false},"excerpt":{"rendered":"<p>Inicio Planta de Limpieza de Semillas de Granos Ligeros \u2013 Legumbres Planta de Limpieza de Semillas de Granos Ligeros \u2013 Legumbres Eficiencia de separaci\u00f3n de polvo Cuenta con un cicl\u00f3n de cap\u00f3 de polvo con una eficiencia del 99%. Capacidad (Toneladas) 0 + TONELADAS Fuente de alimentaci\u00f3n: 380V \/ 50 Hz (Puede personalizarse) Normas de &#8230; <a title=\"Planta de Limpieza de Semillas de Granos Ligeros \u2013 Legumbres\" class=\"read-more\" href=\"https:\/\/liftaworld.com\/es\/planta-de-limpieza-de-semillas-de-granos-ligeros-legumbres\/\" aria-label=\"Leer m\u00e1s sobre Planta de Limpieza de Semillas de Granos Ligeros \u2013 Legumbres\">Leer m\u00e1s<\/a><\/p>\n","protected":false},"author":1,"featured_media":0,"parent":0,"menu_order":0,"comment_status":"closed","ping_status":"closed","template":"elementor_header_footer","meta":{"footnotes":""},"class_list":["post-6955","page","type-page","status-publish"],"_links":{"self":[{"href":"https:\/\/liftaworld.com\/es\/wp-json\/wp\/v2\/pages\/6955","targetHints":{"allow":["GET"]}}],"collection":[{"href":"https:\/\/liftaworld.com\/es\/wp-json\/wp\/v2\/pages"}],"about":[{"href":"https:\/\/liftaworld.com\/es\/wp-json\/wp\/v2\/types\/page"}],"author":[{"embeddable":true,"href":"https:\/\/liftaworld.com\/es\/wp-json\/wp\/v2\/users\/1"}],"replies":[{"embeddable":true,"href":"https:\/\/liftaworld.com\/es\/wp-json\/wp\/v2\/comments?post=6955"}],"version-history":[{"count":0,"href":"https:\/\/liftaworld.com\/es\/wp-json\/wp\/v2\/pages\/6955\/revisions"}],"wp:attachment":[{"href":"https:\/\/liftaworld.com\/es\/wp-json\/wp\/v2\/media?parent=6955"}],"curies":[{"name":"wp","href":"https:\/\/api.w.org\/{rel}","templated":true}]}}